{"id":5752,"date":"2024-05-06T13:31:34","date_gmt":"2024-05-06T11:31:34","guid":{"rendered":"https:\/\/mitto.agency\/avis-legal\/"},"modified":"2025-02-18T17:52:50","modified_gmt":"2025-02-18T16:52:50","slug":"avis-legal","status":"publish","type":"page","link":"https:\/\/mitto.agency\/ca\/avis-legal\/","title":{"rendered":"Av\u00eds legal"},"content":{"rendered":"\n<p>En compliment amb el deure d&#8217;informaci\u00f3 recollit a l&#8217;article 10 de la Llei 34\/2002, d&#8217;11 de juliol, de serveis de la societat de la informaci\u00f3 i del comer\u00e7 electr\u00f2nic, us informem que el Lloc Web i el portal d&#8217;Internet https:\/\/mitto.agency\/ (d&#8217;ara endavant, el \u00abWeb\u00bb) amb titularitat de JAN CANAL\u00cdS GRA8 960T. Aquest av\u00eds legal regula les condicions d&#8217;\u00fas del portal d&#8217;Internet esmentat.  <\/p>\n\n<h2 class=\"wp-block-heading\">Llei aplicable i jurisdicci\u00f3<\/h2>\n\n<p>Amb car\u00e0cter general les relacions entre JAN CANAL\u00cdS GRACIANO i els usuaris dels seus serveis telem\u00e0tics, presents a la web, es troben sotmeses a la legislaci\u00f3 i jurisdicci\u00f3 espanyoles.<\/p>\n\n<p>Les parts renuncien expressament al fur que els pogu\u00e9s correspondre i sotmeten expressament als Jutjats i Tribunals de Terrassa per resoldre qualsevol controv\u00e8rsia que pugui sorgir en la interpretaci\u00f3 o execuci\u00f3 de les presents condicions contractuals.<\/p>\n\n<h2 class=\"wp-block-heading\">Acceptaci\u00f3 de lusuari<\/h2>\n\n<p>Aquest Av\u00eds Legal regula l&#8217;acc\u00e9s i la utilitzaci\u00f3 de la p\u00e0gina web que JAN CANAL\u00cdS GRACIANO posa a la disposici\u00f3 dels usuaris d&#8217;Internet. Es considera usuari la persona que accedeixi, navegui, utilitzi o participi als serveis i activitats de la p\u00e0gina web. <\/p>\n\n<p>L&#8217;usuari queda informat, i accepta, que l&#8217;acc\u00e9s a la present web no suposa, de cap manera, l&#8217;inici d&#8217;una relaci\u00f3 comercial amb JAN CANAL\u00cdS GRACIANO.<\/p>\n\n<p>L&#8217;acc\u00e9s i navegaci\u00f3 al lloc web per part de l&#8217;usuari suposa l&#8217;acceptaci\u00f3 de la totalitat de les presents Condicions d&#8217;\u00das. En cas de desacord amb les condicions cal abstenir-se a utilitzar el lloc web. <\/p>\n\n<h2 class=\"wp-block-heading\">Acc\u00e9s a la web<\/h2>\n\n<p>L&#8217;acc\u00e9s a la p\u00e0gina web per part dels usuaris \u00e9s de car\u00e0cter lliure i gratu\u00eft. Alguns serveis es poden trobar subjectes a contractaci\u00f3 pr\u00e8via del servei. <\/p>\n\n<p>Si \u00e9s necessari que l&#8217;usuari aporti dades personals per accedir a algun dels serveis, la recollida i el tractament de les dades es realitzar\u00e0 de conformitat amb la normativa vigent, en concret amb el RGPD. Per a m\u00e9s informaci\u00f3, consulteu la nostra pol\u00edtica de privadesa https:\/\/mitto.agency\/. <\/p>\n\n<h2 class=\"wp-block-heading\">Contingut i \u00fas<\/h2>\n\n<p>La visita al lloc web per part de l&#8217;usuari s&#8217;haur\u00e0 de fer de forma responsable i de conformitat amb la legalitat vigent, la bona fe, aquest Av\u00eds Legal i respectant els drets de propietat intel\u00b7lectual i industrial de titularitat de JAN CANAL\u00cdS GRACIANO o qualsevol altra persona f\u00edsica o jur\u00eddica.<\/p>\n\n<p>L&#8217;\u00fas de qualsevol dels continguts del lloc web amb finalitats que siguin o poguessin ser il\u00b7l\u00edcites queda totalment prohibit, aix\u00ed com la realitzaci\u00f3 de qualsevol acci\u00f3 que causi o pugui causar danys o alteracions de qualsevol mena no consentides per JAN CANAL\u00cdS GRACIANO, al lloc web o als seus continguts.<\/p>\n\n<p>El titular del web no s&#8217;identifica amb les opinions abocades al mateix pels seus col\u00b7laboradors. L&#8217;empresa es reserva el dret d&#8217;efectuar sense previ av\u00eds les modificacions que consideri oportunes a la seva Web, podent canviar, suprimir o afegir tant els continguts i serveis que es prestin a trav\u00e9s d&#8217;aquesta com la forma en qu\u00e8 aquests apareguin presentats o localitzats als seus servidors. <\/p>\n\n<h2 class=\"wp-block-heading\">Propietat intel\u00b7lectual i industrial<\/h2>\n\n<p>Els drets de propietat intel\u00b7lectual del contingut de les p\u00e0gines web, el seu disseny gr\u00e0fic i codis s\u00f3n titularitat de JAN CANAL\u00cdS GRACIANO i, per tant, queda prohibida la seva reproducci\u00f3, distribuci\u00f3, comunicaci\u00f3 p\u00fablica, transformaci\u00f3 o qualsevol altra activitat que es realitzi amb els continguts de la p\u00e0gina web, ni tan sols encara que se citin les fonts, llevat que es compti amb el consentiment previ. Tots els noms comercials, marques o signes diferents de qualsevol classe continguts a les p\u00e0gines web de l&#8217;empresa s\u00f3n propietat dels amos i estan protegits <\/p>\n\n<p>per llei.<\/p>\n\n<p>JAN CANAL\u00cdS GRACIANO no concedeix cap llic\u00e8ncia o autoritzaci\u00f3 d&#8217;\u00fas de cap classe sobre els seus drets de propietat intel\u00b7lectual i industrial o sobre qualsevol altra propietat o dret relacionat amb el lloc web, i en cap cas s&#8217;entendr\u00e0 que l&#8217;acc\u00e9s i la navegaci\u00f3 dels usuaris implica una ren\u00fancia, transmissi\u00f3, llic\u00e8ncia o cessi\u00f3 total ni parcial d&#8217;aquests drets per part de JAN CANAL\u00cdS GRACIANO.<\/p>\n\n<p>Qualsevol \u00fas d&#8217;aquests continguts no autoritzat pr\u00e8viament per part de JAN CANAL\u00cdS GRACIANO ser\u00e0 considerat un incompliment greu dels drets de propietat intel\u00b7lectual o industrial i donar\u00e0 lloc a les responsabilitats establertes legalment. JAN CANAL\u00cdS GRACIANO es reserva el dret d&#8217;exercitar davant de l&#8217;usuari les accions judicials i extrajudicials que corresponguin. <\/p>\n\n<h2 class=\"wp-block-heading\">Responsabilitat i garanties<\/h2>\n\n<p>JAN CANAL\u00cdS GRACIANO declara que ha adoptat les mesures necess\u00e0ries que, dins de les seves possibilitats i l&#8217;estat de la tecnologia, permetin el funcionament correcte del seu lloc web aix\u00ed com l&#8217;abs\u00e8ncia de virus i components nocius. Tanmateix, JAN CANAL\u00cdS GRACIANO no es pot fer responsable de les situacions seg\u00fcents que s&#8217;enumeren a t\u00edtol enunciatiu, per\u00f2 no limitatiu: <\/p>\n\n<p>\u2013 La continu\u00eftat i disponibilitat dels continguts.<br\/>\u2013 L&#8217;abs\u00e8ncia d&#8217;errors en els continguts esmentats ni la correcci\u00f3 de qualsevol defecte que pugui oc\u00f3rrer.<br\/>\u2013 L&#8217;abs\u00e8ncia de virus i altres components nocius.<br\/>\u2013 Els danys o perjudicis que causi qualsevol persona que vulneri els sistemes de seguretat de JAN CANAL\u00cdS GR\u00c0CI\u00c0.<br\/>\u2013 L&#8217;\u00fas que els usuaris puguin fer dels continguts inclosos al web. En conseq\u00fc\u00e8ncia, JAN CANAL\u00cdS GRACIANO no garanteix que l&#8217;\u00fas que els usuaris puguin fer dels continguts que s&#8217;incloguin al lloc web, s&#8217;ajustin al present av\u00eds legal, ni que l&#8217;\u00fas del lloc web es faci de forma diligent. <br\/>\u2013 L&#8217;\u00fas per menors d&#8217;edat del lloc web o de l&#8217;enviament de les vostres dades personals sense el perm\u00eds dels vostres tutors, sent els tutors responsables de l&#8217;\u00fas que facin d&#8217;Internet.<br\/>\u2013 Els continguts a qu\u00e8 l&#8217;usuari pugui accedir a trav\u00e9s d&#8217;enlla\u00e7os no autoritzats o introdu\u00efts per usuaris mitjan\u00e7ant comentaris o eines semblants.<br\/>\u2013 La introducci\u00f3 de dades err\u00f2nies per part de l&#8217;usuari o d&#8217;un tercer.<\/p>\n\n<p>JAN CANAL\u00cdS GRACIANO podr\u00e0 suspendre temporalment i sense av\u00eds previ, l&#8217;accessibilitat al lloc web amb motiu d&#8217;operacions de manteniment, reparaci\u00f3, actualitzaci\u00f3 o millora. Aix\u00f2 no obstant, sempre que les circumst\u00e0ncies ho permetin, JAN CANAL\u00cdS GRACIANO comunicar\u00e0 a l&#8217;usuari, amb antelaci\u00f3 suficient, la data prevista per a la suspensi\u00f3 dels continguts. <\/p>\n\n<p>Aix\u00ed mateix, de conformitat amb els arts. 11 i 16 de la Llei 34\/2002, de 11 de juliol, de serveis de la societat de la informaci\u00f3 i de comer\u00e7 electr\u00f2nic (LSSICE), JAN CANAL\u00cdS GRACIANO es compromet a l&#8217;eliminaci\u00f3 o, si escau, bloqueig dels continguts que poguessin afectar o ser contraris a la legislaci\u00f3<br\/> vigent, els drets de tercers o la moral i ordre p\u00fablic. <\/p>\n\n<h2 class=\"wp-block-heading\">Cookies<\/h2>\n\n<p>JAN CANAL\u00cdS GRACIANO utilitza cookies, a l&#8217;efecte d&#8217;optimitzar i personalitzar la navegaci\u00f3 pel lloc web. Les galetes s\u00f3n fitxers f\u00edsics d&#8217;informaci\u00f3 que s&#8217;allotgen al mateix terminal de l&#8217;usuari, la informaci\u00f3 recollida mitjan\u00e7ant les galetes serveix per facilitar la navegaci\u00f3 de l&#8217;usuari pel portal i optimitzar l&#8217;experi\u00e8ncia de navegaci\u00f3. Les dades recopilades mitjan\u00e7ant les cookies poden ser compartides amb els seus creadors, per\u00f2 en cap cas la informaci\u00f3 obtinguda per aquestes no ser\u00e0 associada a dades personals ni a dades que puguin identificar l&#8217;usuari.  <\/p>\n\n<p>No obstant aix\u00f2, si l&#8217;usuari no desitja que s&#8217;instal\u00b7lin cookies al vostre disc dur, teniu la possibilitat de configurar el navegador de manera que impedeixi la instal\u00b7laci\u00f3 d&#8217;aquests fitxers. Per obtenir m\u00e9s informaci\u00f3 consulteu la nostra Pol\u00edtica de Cookies. <\/p>\n\n<h2 class=\"wp-block-heading\">Enlla\u00e7os (links)<\/h2>\n\n<p>La pres\u00e8ncia d&#8217;enlla\u00e7os (links) a la p\u00e0gina web de JAN CANAL\u00cdS GRACIANO cap a altres llocs d&#8217;Internet t\u00e9 finalitat merament informativa i en cap cas no suposen suggeriment, invitaci\u00f3 o recomanaci\u00f3 sobre aquests. JAN CANAL\u00cdS GRACIANO no assumir\u00e0 responsabilitat pels continguts d&#8217;un enlla\u00e7 pertanyent a un lloc web ali\u00e8, ni garantir\u00e0 la fiabilitat, exactitud, amplitud, veracitat, validesa i disponibilitat t\u00e8cnica. <\/p>\n\n<p>En el cas que en altres llocs web s&#8217;estableixin enlla\u00e7os a la p\u00e0gina web de JAN CANAL\u00cdS GRACIANO, no s&#8217;entendr\u00e0 que JAN CANAL\u00cdS GRACIANO ha autoritzat l&#8217;enlla\u00e7 o el contingut del lloc web en qu\u00e8 es cont\u00e9 l&#8217;enlla\u00e7, tampoc podr\u00e0 incloure&#8217;s a la p\u00e0gina de l&#8217;enlla\u00e7 continguts inapropiats, difamatoris, il\u00b7legals, obscens o il\u00b7l\u00edcits.<\/p>\n\n<p>JAN CANAL\u00cdS GRACIANO es reserva la possibilitat de contactar amb el propietari del lloc web on s&#8217;estableixi l&#8217;enlla\u00e7 si considera que s&#8217;incompleix la normativa, aix\u00ed com exercitar les corresponents<br\/> accions judicials i extrajudicials.<\/p>\n\n<h2 class=\"wp-block-heading\">Modificaci\u00f3 de les condicions<\/h2>\n\n<p>JAN CANAL\u00cdS GRACIANO es reserva expressament el dret a modificar unilateralment, totalment o parcialment, sense necessitat de previ av\u00eds, aquest Av\u00eds Legal. L&#8217;usuari reconeix i accepta que \u00e9s responsabilitat seva revisar peri\u00f2dicament aquest Av\u00eds Legal. <\/p>\n","protected":false},"excerpt":{"rendered":"<p>En compliment amb el deure d&#8217;informaci\u00f3 recollit a l&#8217;article 10 de la Llei 34\/2002, d&#8217;11 de juliol, de serveis de la societat de la informaci\u00f3 i del comer\u00e7 electr\u00f2nic, us informem que el Lloc Web i el portal d&#8217;Internet https:\/\/mitto.agency\/ (d&#8217;ara endavant, el \u00abWeb\u00bb) amb titularitat de JAN CANAL\u00cdS GRA8 960T. Aquest av\u00eds legal regula [&hellip;]<\/p>\n","protected":false},"author":1,"featured_media":0,"parent":0,"menu_order":0,"comment_status":"closed","ping_status":"open","template":"","meta":{"footnotes":""},"class_list":["post-5752","page","type-page","status-publish","hentry"],"yoast_head":"<!-- This site is optimized with the Yoast SEO plugin v27.5 - https:\/\/yoast.com\/product\/yoast-seo-wordpress\/ -->\n<title>Av\u00eds legal - Mitto - Dise\u00f1o Web - Dise\u00f1o Grafico - App UX\/UI - Branding<\/title>\n<meta name=\"robots\" content=\"index, follow, max-snippet:-1, max-image-preview:large, max-video-preview:-1\" \/>\n<link rel=\"canonical\" href=\"https:\/\/mitto.agency\/ca\/avis-legal\/\" \/>\n<meta property=\"og:locale\" content=\"ca_ES\" \/>\n<meta property=\"og:type\" content=\"article\" \/>\n<meta property=\"og:title\" content=\"Av\u00eds legal - Mitto - Dise\u00f1o Web - Dise\u00f1o Grafico - App UX\/UI - Branding\" \/>\n<meta property=\"og:description\" content=\"En compliment amb el deure d&#8217;informaci\u00f3 recollit a l&#8217;article 10 de la Llei 34\/2002, d&#8217;11 de juliol, de serveis de la societat de la informaci\u00f3 i del comer\u00e7 electr\u00f2nic, us informem que el Lloc Web i el portal d&#8217;Internet https:\/\/mitto.agency\/ (d&#8217;ara endavant, el \u00abWeb\u00bb) amb titularitat de JAN CANAL\u00cdS GRA8 960T. Aquest av\u00eds legal regula [&hellip;]\" \/>\n<meta property=\"og:url\" content=\"https:\/\/mitto.agency\/ca\/avis-legal\/\" \/>\n<meta property=\"og:site_name\" content=\"Mitto - Dise\u00f1o Web - Dise\u00f1o Grafico - App UX\/UI - Branding\" \/>\n<meta property=\"article:modified_time\" content=\"2025-02-18T16:52:50+00:00\" \/>\n<meta name=\"twitter:card\" content=\"summary_large_image\" \/>\n<meta name=\"twitter:label1\" content=\"Temps estimat de lectura\" \/>\n\t<meta name=\"twitter:data1\" content=\"7 minuts\" \/>\n<script type=\"application\/ld+json\" class=\"yoast-schema-graph\">{\"@context\":\"https:\\\/\\\/schema.org\",\"@graph\":[{\"@type\":\"WebPage\",\"@id\":\"https:\\\/\\\/mitto.agency\\\/ca\\\/avis-legal\\\/\",\"url\":\"https:\\\/\\\/mitto.agency\\\/ca\\\/avis-legal\\\/\",\"name\":\"Av\u00eds legal - Mitto - Dise\u00f1o Web - Dise\u00f1o Grafico - App UX\\\/UI - Branding\",\"isPartOf\":{\"@id\":\"https:\\\/\\\/mitto.agency\\\/ca\\\/#website\"},\"datePublished\":\"2024-05-06T11:31:34+00:00\",\"dateModified\":\"2025-02-18T16:52:50+00:00\",\"breadcrumb\":{\"@id\":\"https:\\\/\\\/mitto.agency\\\/ca\\\/avis-legal\\\/#breadcrumb\"},\"inLanguage\":\"ca\",\"potentialAction\":[{\"@type\":\"ReadAction\",\"target\":[\"https:\\\/\\\/mitto.agency\\\/ca\\\/avis-legal\\\/\"]}]},{\"@type\":\"BreadcrumbList\",\"@id\":\"https:\\\/\\\/mitto.agency\\\/ca\\\/avis-legal\\\/#breadcrumb\",\"itemListElement\":[{\"@type\":\"ListItem\",\"position\":1,\"name\":\"Portada\",\"item\":\"https:\\\/\\\/mitto.agency\\\/ca\\\/\"},{\"@type\":\"ListItem\",\"position\":2,\"name\":\"Av\u00eds legal\"}]},{\"@type\":\"WebSite\",\"@id\":\"https:\\\/\\\/mitto.agency\\\/ca\\\/#website\",\"url\":\"https:\\\/\\\/mitto.agency\\\/ca\\\/\",\"name\":\"Mitto - Dise\u00f1o Web - Dise\u00f1o Grafico - App UX\\\/UI - Branding\",\"description\":\"\",\"publisher\":{\"@id\":\"https:\\\/\\\/mitto.agency\\\/ca\\\/#organization\"},\"potentialAction\":[{\"@type\":\"SearchAction\",\"target\":{\"@type\":\"EntryPoint\",\"urlTemplate\":\"https:\\\/\\\/mitto.agency\\\/ca\\\/?s={search_term_string}\"},\"query-input\":{\"@type\":\"PropertyValueSpecification\",\"valueRequired\":true,\"valueName\":\"search_term_string\"}}],\"inLanguage\":\"ca\"},{\"@type\":\"Organization\",\"@id\":\"https:\\\/\\\/mitto.agency\\\/ca\\\/#organization\",\"name\":\"Mitto - Dise\u00f1o Web - Dise\u00f1o Grafico - App UX\\\/UI - Branding\",\"url\":\"https:\\\/\\\/mitto.agency\\\/ca\\\/\",\"logo\":{\"@type\":\"ImageObject\",\"inLanguage\":\"ca\",\"@id\":\"https:\\\/\\\/mitto.agency\\\/ca\\\/#\\\/schema\\\/logo\\\/image\\\/\",\"url\":\"https:\\\/\\\/mitto.agency\\\/wp-content\\\/uploads\\\/2024\\\/04\\\/cropped-v8-mitto-logo-03.png\",\"contentUrl\":\"https:\\\/\\\/mitto.agency\\\/wp-content\\\/uploads\\\/2024\\\/04\\\/cropped-v8-mitto-logo-03.png\",\"width\":2087,\"height\":651,\"caption\":\"Mitto - Dise\u00f1o Web - Dise\u00f1o Grafico - App UX\\\/UI - Branding\"},\"image\":{\"@id\":\"https:\\\/\\\/mitto.agency\\\/ca\\\/#\\\/schema\\\/logo\\\/image\\\/\"}}]}<\/script>\n<!-- \/ Yoast SEO plugin. -->","yoast_head_json":{"title":"Av\u00eds legal - Mitto - Dise\u00f1o Web - Dise\u00f1o Grafico - App UX\/UI - Branding","robots":{"index":"index","follow":"follow","max-snippet":"max-snippet:-1","max-image-preview":"max-image-preview:large","max-video-preview":"max-video-preview:-1"},"canonical":"https:\/\/mitto.agency\/ca\/avis-legal\/","og_locale":"ca_ES","og_type":"article","og_title":"Av\u00eds legal - Mitto - Dise\u00f1o Web - Dise\u00f1o Grafico - App UX\/UI - Branding","og_description":"En compliment amb el deure d&#8217;informaci\u00f3 recollit a l&#8217;article 10 de la Llei 34\/2002, d&#8217;11 de juliol, de serveis de la societat de la informaci\u00f3 i del comer\u00e7 electr\u00f2nic, us informem que el Lloc Web i el portal d&#8217;Internet https:\/\/mitto.agency\/ (d&#8217;ara endavant, el \u00abWeb\u00bb) amb titularitat de JAN CANAL\u00cdS GRA8 960T. Aquest av\u00eds legal regula [&hellip;]","og_url":"https:\/\/mitto.agency\/ca\/avis-legal\/","og_site_name":"Mitto - Dise\u00f1o Web - Dise\u00f1o Grafico - App UX\/UI - Branding","article_modified_time":"2025-02-18T16:52:50+00:00","twitter_card":"summary_large_image","twitter_misc":{"Temps estimat de lectura":"7 minuts"},"schema":{"@context":"https:\/\/schema.org","@graph":[{"@type":"WebPage","@id":"https:\/\/mitto.agency\/ca\/avis-legal\/","url":"https:\/\/mitto.agency\/ca\/avis-legal\/","name":"Av\u00eds legal - Mitto - Dise\u00f1o Web - Dise\u00f1o Grafico - App UX\/UI - Branding","isPartOf":{"@id":"https:\/\/mitto.agency\/ca\/#website"},"datePublished":"2024-05-06T11:31:34+00:00","dateModified":"2025-02-18T16:52:50+00:00","breadcrumb":{"@id":"https:\/\/mitto.agency\/ca\/avis-legal\/#breadcrumb"},"inLanguage":"ca","potentialAction":[{"@type":"ReadAction","target":["https:\/\/mitto.agency\/ca\/avis-legal\/"]}]},{"@type":"BreadcrumbList","@id":"https:\/\/mitto.agency\/ca\/avis-legal\/#breadcrumb","itemListElement":[{"@type":"ListItem","position":1,"name":"Portada","item":"https:\/\/mitto.agency\/ca\/"},{"@type":"ListItem","position":2,"name":"Av\u00eds legal"}]},{"@type":"WebSite","@id":"https:\/\/mitto.agency\/ca\/#website","url":"https:\/\/mitto.agency\/ca\/","name":"Mitto - Dise\u00f1o Web - Dise\u00f1o Grafico - App UX\/UI - Branding","description":"","publisher":{"@id":"https:\/\/mitto.agency\/ca\/#organization"},"potentialAction":[{"@type":"SearchAction","target":{"@type":"EntryPoint","urlTemplate":"https:\/\/mitto.agency\/ca\/?s={search_term_string}"},"query-input":{"@type":"PropertyValueSpecification","valueRequired":true,"valueName":"search_term_string"}}],"inLanguage":"ca"},{"@type":"Organization","@id":"https:\/\/mitto.agency\/ca\/#organization","name":"Mitto - Dise\u00f1o Web - Dise\u00f1o Grafico - App UX\/UI - Branding","url":"https:\/\/mitto.agency\/ca\/","logo":{"@type":"ImageObject","inLanguage":"ca","@id":"https:\/\/mitto.agency\/ca\/#\/schema\/logo\/image\/","url":"https:\/\/mitto.agency\/wp-content\/uploads\/2024\/04\/cropped-v8-mitto-logo-03.png","contentUrl":"https:\/\/mitto.agency\/wp-content\/uploads\/2024\/04\/cropped-v8-mitto-logo-03.png","width":2087,"height":651,"caption":"Mitto - Dise\u00f1o Web - Dise\u00f1o Grafico - App UX\/UI - Branding"},"image":{"@id":"https:\/\/mitto.agency\/ca\/#\/schema\/logo\/image\/"}}]}},"_links":{"self":[{"href":"https:\/\/mitto.agency\/ca\/wp-json\/wp\/v2\/pages\/5752","targetHints":{"allow":["GET"]}}],"collection":[{"href":"https:\/\/mitto.agency\/ca\/wp-json\/wp\/v2\/pages"}],"about":[{"href":"https:\/\/mitto.agency\/ca\/wp-json\/wp\/v2\/types\/page"}],"author":[{"embeddable":true,"href":"https:\/\/mitto.agency\/ca\/wp-json\/wp\/v2\/users\/1"}],"replies":[{"embeddable":true,"href":"https:\/\/mitto.agency\/ca\/wp-json\/wp\/v2\/comments?post=5752"}],"version-history":[{"count":1,"href":"https:\/\/mitto.agency\/ca\/wp-json\/wp\/v2\/pages\/5752\/revisions"}],"predecessor-version":[{"id":5753,"href":"https:\/\/mitto.agency\/ca\/wp-json\/wp\/v2\/pages\/5752\/revisions\/5753"}],"wp:attachment":[{"href":"https:\/\/mitto.agency\/ca\/wp-json\/wp\/v2\/media?parent=5752"}],"curies":[{"name":"wp","href":"https:\/\/api.w.org\/{rel}","templated":true}]}}