{"id":5767,"date":"2024-05-06T13:34:00","date_gmt":"2024-05-06T11:34:00","guid":{"rendered":"https:\/\/mitto.agency\/politica-de-cookies\/"},"modified":"2025-02-18T17:52:52","modified_gmt":"2025-02-18T16:52:52","slug":"politica-de-cookies","status":"publish","type":"page","link":"https:\/\/mitto.agency\/ca\/politica-de-cookies\/","title":{"rendered":"Pol\u00edtica de Cookies"},"content":{"rendered":"\n<p>En compliment amb el deure informaci\u00f3 recollit a l&#8217;apartat 2n de l&#8217;article 22 de la Llei 34\/2002, d&#8217;11 de juliol, de Serveis de la Societat de la Informaci\u00f3 i del Comer\u00e7 Electr\u00f2nic, aquesta pol\u00edtica de cookies t\u00e9 per finalitat informar-lo de manera clara i precisa sobre les cookies que s&#8217;utilitzen a la p\u00e0gina web de JAN CANAL\u00cdS GRACIANO.<\/p>\n\n<h2 class=\"wp-block-heading\">Qu\u00e8 s\u00f3n les galetes?<\/h2>\n\n<p>Una galeta \u00e9s un fitxer de mida petita que els llocs web envien al navegador i es descarreguen al vostre ordinador. Les galetes permeten que la p\u00e0gina web emmagatzemi i recuperi la informaci\u00f3 sobre la vostra visita, com el vostre idioma preferit i altres opcions, per tal de millorar els serveis que s&#8217;ofereixen i contribuir a<br\/> tenir una millor experi\u00e8ncia de navegaci\u00f3 per a lusuari. <\/p>\n\n<h2 class=\"wp-block-heading\">Autoritzaci\u00f3 per a l&#8217;\u00fas de cookies<\/h2>\n\n<p>De conformitat amb l&#8217;av\u00eds de cookies que apareix al lloc web, l&#8217;usuari accepta que, en navegar-hi, consenteix expressament l&#8217;\u00fas de cookies segons la descripci\u00f3 que a continuaci\u00f3 es detalla, sens perjudici que l&#8217;usuari pugui modificar la configuraci\u00f3 del seu navegador per rebutjar l&#8217;\u00fas de les cookies<br\/> galetes.<\/p>\n\n<h2 class=\"wp-block-heading\">Tipus de cookies<\/h2>\n\n<p>En funci\u00f3 de qui gestioni el domini des d&#8217;on s&#8217;envien les galetes i es tractin les dades, es distingir\u00e0 entre galetes pr\u00f2pies i galetes de tercers.<\/p>\n\n<p>Les galetes tamb\u00e9 es poden classificar segons el termini de temps que romanguin emmagatzemades al navegador de l&#8217;usuari, distingint-se entre galetes de sessi\u00f3 o galetes persistents.<\/p>\n\n<p>Finalment, en funci\u00f3 de la finalitat per a la qual es tracti la informaci\u00f3 recopilada, les cookies es poden classificar en les categories seg\u00fcents: \u2013 Cookies t\u00e8cniques: permeten a l&#8217;usuari navegar per un lloc web i utilitzar alguns dels serveis oferts pel mateix (com ara les que serveixen per recordar els elements integrants d&#8217;un carret de compra).<br\/>&#8211; Galetes de personalitzaci\u00f3: permeten que l&#8217;usuari accedeixi al lloc web amb unes caracter\u00edstiques determinades, com ara l&#8217;idioma.<br\/>\u2013 Galetes de seguretat: serveixen per impedir o dificultar els atacs contra el lloc web.<br\/>\u2013 Cookies de complement per intercanviar continguts socials: els anomenats plug-in, que permeten compartir continguts en xarxes socials.<br\/>&#8211; Cookies dan\u00e0lisi: permeten al responsable el seguiment del comportament de lusuari.<br\/>\u2013 Cookies publicit\u00e0ries: permeten gestionar els espais de publicitat del lloc web.<br\/>&#8211; Cookies de publicitat comportamental: com les anteriors, serveixen per gestionar els espais de publicitat del lloc web en funci\u00f3 de la informaci\u00f3 recollida sobre el comportament de lusuari i els seus h\u00e0bits, adaptant la publicitat al perfil de lusuari.<br\/>&#8211; Galetes de geolocalitzaci\u00f3: utilitzades per esbrinar el pa\u00eds on es troba l&#8217;usuari.<\/p>\n\n<h2 class=\"wp-block-heading\">Com modificar la configuraci\u00f3 de les cookies<\/h2>\n\n<p>Vost\u00e8 pot restringir, bloquejar o esborrar les galetes de JAN CANAL\u00cdS GRACIANO o qualsevol altra p\u00e0gina web utilitzant el seu navegador. A cada navegador l&#8217;operativa \u00e9s diferent, podeu trobar com fer-ho al men\u00fa d&#8217;ajuda del vostre navegador on s&#8217;estableix el procediment per a la seva eliminaci\u00f3. <\/p>\n\n<p>Per a m\u00e9s informaci\u00f3:<\/p>\n\n<p>Google Chrome:<br\/> <a href=\"https:\/\/web.archive.org\/web\/20220517042951\/https:\/support.google.com\/chrome\/answer\/95647?co=GENIE.Platform%3DDesktop&amp;hl=es\" target=\"_blank\" rel=\"noreferrer noopener\"><strong>https:\/\/support.google.com\/chrome\/answer\/95647?co=GENIE.Platform%3DDesktop&amp;hl=ca<\/strong><\/a><\/p>\n\n<p><a href=\"https:\/\/web.archive.org\/web\/20220517042951\/https:\/support.google.com\/chrome\/answer\/95647?co=GENIE.Platform%3DDesktop&amp;hl=es\" target=\"_blank\" rel=\"noreferrer noopener\"><strong> <\/strong><\/a><\/p>\n\n<p>Mozilla Firefox:<br\/> <a href=\"https:\/\/web.archive.org\/web\/20220517042951\/https:\/support.mozilla.org\/es\/kb\/habilitar-y-deshabilitar-cookies-sitios-web-rastrear-preferencias\" target=\"_blank\" rel=\"noreferrer noopener\"><strong>https:\/\/support.mozilla.org\/es\/kb\/habilitar-y-deshabilitar-cookies-llocs-web-rastrear-prefer\u00e8ncies<\/strong><\/a><\/p>\n\n<p><a href=\"https:\/\/web.archive.org\/web\/20220517042951\/https:\/support.mozilla.org\/es\/kb\/habilitar-y-deshabilitar-cookies-sitios-web-rastrear-preferencias\" target=\"_blank\" rel=\"noreferrer noopener\"><strong> <\/strong><\/a><\/p>\n\n<p>Safari:<br\/> <a href=\"https:\/\/web.archive.org\/web\/20220517042951\/https:\/support.apple.com\/es-es\/guide\/safari\/sfri11471\/mac\" target=\"_blank\" rel=\"noreferrer noopener\"><strong>https:\/\/support.apple.com\/ca-gui\/guide\/safari\/sfri11471\/mac<\/strong><\/a><\/p>\n\n<p><a href=\"https:\/\/web.archive.org\/web\/20220517042951\/https:\/support.apple.com\/es-es\/guide\/safari\/sfri11471\/mac\" target=\"_blank\" rel=\"noreferrer noopener\"><strong> <\/strong><\/a><\/p>\n\n<p>Internet Explorer:<\/p>\n\n<figure class=\"wp-block-embed\"><div class=\"wp-block-embed__wrapper\">\nhttps:\/\/support.microsoft.com\/es-es\/help\/278835\/how-to-delete-cookie-files-in-internet-explorer\n<\/div><\/figure>\n\n<p><a href=\"https:\/\/web.archive.org\/web\/20220517042951\/https:\/support.microsoft.com\/es-es\/help\/278835\/how-to-delete-cookie-files-in-internet-explorer\" target=\"_blank\" rel=\"noreferrer noopener\"><strong> <\/strong><\/a><\/p>\n\n<p>\u00c9s possible que en deshabilitar les cookies la p\u00e0gina web no funcioni correctament o no pugui accedir a determinades funcions de la mateixa.<\/p>\n\n<h2 class=\"wp-block-heading\">Cookies utilitzades a la web<\/h2>\n\n<p>Al portal web s&#8217;utilitzen diferents tipus de galetes amb diferents finalitats, a continuaci\u00f3 s&#8217;enumeren les galetes emprades:<\/p>\n\n<p>\u2013 Cookies t\u00e8cniques: permeten a l&#8217;usuari navegar per un lloc web i utilitzar alguns dels serveis oferts pel mateix (com ara les que serveixen per recordar els elements integrants d&#8217;un carret de compra).<br\/>&#8211; Galetes de personalitzaci\u00f3: permeten que l&#8217;usuari accedeixi al lloc web amb unes caracter\u00edstiques determinades, com ara l&#8217;idioma.<br\/>\u2013 Galetes de seguretat: serveixen per impedir o dificultar els atacs contra el lloc web.<br\/>&#8211; Galetes d&#8217;an\u00e0lisi: permeten al responsable el seguiment del comportament de l&#8217;usuari.<br\/>&#8211; Galetes de geolocalitzaci\u00f3: utilitzades per esbrinar el pa\u00eds on es troba l&#8217;usuari.<\/p>\n\n<h2 class=\"wp-block-heading\">Modificaci\u00f3 de les condicions<\/h2>\n\n<p>JAN CANAL\u00cdS GRACIANO es reserva expressament el dret a modificar unilateralment, totalment o parcialment, sense necessitat de previ av\u00eds, aquesta Pol\u00edtica de Cookies. L&#8217;usuari reconeix i accepta que \u00e9s responsabilitat seva revisar aquesta Pol\u00edtica de Cookies. <\/p>\n","protected":false},"excerpt":{"rendered":"<p>En compliment amb el deure informaci\u00f3 recollit a l&#8217;apartat 2n de l&#8217;article 22 de la Llei 34\/2002, d&#8217;11 de juliol, de Serveis de la Societat de la Informaci\u00f3 i del Comer\u00e7 Electr\u00f2nic, aquesta pol\u00edtica de cookies t\u00e9 per finalitat informar-lo de manera clara i precisa sobre les cookies que s&#8217;utilitzen a la p\u00e0gina web de [&hellip;]<\/p>\n","protected":false},"author":1,"featured_media":0,"parent":0,"menu_order":0,"comment_status":"closed","ping_status":"open","template":"","meta":{"footnotes":""},"class_list":["post-5767","page","type-page","status-publish","hentry"],"yoast_head":"<!-- This site is optimized with the Yoast SEO plugin v27.5 - https:\/\/yoast.com\/product\/yoast-seo-wordpress\/ -->\n<title>Pol\u00edtica de Cookies - Mitto - Dise\u00f1o Web - Dise\u00f1o Grafico - App UX\/UI - Branding<\/title>\n<meta name=\"robots\" content=\"index, follow, max-snippet:-1, max-image-preview:large, max-video-preview:-1\" \/>\n<link rel=\"canonical\" href=\"https:\/\/mitto.agency\/ca\/politica-de-cookies\/\" \/>\n<meta property=\"og:locale\" content=\"ca_ES\" \/>\n<meta property=\"og:type\" content=\"article\" \/>\n<meta property=\"og:title\" content=\"Pol\u00edtica de Cookies - Mitto - Dise\u00f1o Web - Dise\u00f1o Grafico - App UX\/UI - Branding\" \/>\n<meta property=\"og:description\" content=\"En compliment amb el deure informaci\u00f3 recollit a l&#8217;apartat 2n de l&#8217;article 22 de la Llei 34\/2002, d&#8217;11 de juliol, de Serveis de la Societat de la Informaci\u00f3 i del Comer\u00e7 Electr\u00f2nic, aquesta pol\u00edtica de cookies t\u00e9 per finalitat informar-lo de manera clara i precisa sobre les cookies que s&#8217;utilitzen a la p\u00e0gina web de [&hellip;]\" \/>\n<meta property=\"og:url\" content=\"https:\/\/mitto.agency\/ca\/politica-de-cookies\/\" \/>\n<meta property=\"og:site_name\" content=\"Mitto - Dise\u00f1o Web - Dise\u00f1o Grafico - App UX\/UI - Branding\" \/>\n<meta property=\"article:modified_time\" content=\"2025-02-18T16:52:52+00:00\" \/>\n<meta name=\"twitter:card\" content=\"summary_large_image\" \/>\n<meta name=\"twitter:label1\" content=\"Temps estimat de lectura\" \/>\n\t<meta name=\"twitter:data1\" content=\"4 minuts\" \/>\n<script type=\"application\/ld+json\" class=\"yoast-schema-graph\">{\"@context\":\"https:\\\/\\\/schema.org\",\"@graph\":[{\"@type\":\"WebPage\",\"@id\":\"https:\\\/\\\/mitto.agency\\\/ca\\\/politica-de-cookies\\\/\",\"url\":\"https:\\\/\\\/mitto.agency\\\/ca\\\/politica-de-cookies\\\/\",\"name\":\"Pol\u00edtica de Cookies - Mitto - Dise\u00f1o Web - Dise\u00f1o Grafico - App UX\\\/UI - Branding\",\"isPartOf\":{\"@id\":\"https:\\\/\\\/mitto.agency\\\/ca\\\/#website\"},\"datePublished\":\"2024-05-06T11:34:00+00:00\",\"dateModified\":\"2025-02-18T16:52:52+00:00\",\"breadcrumb\":{\"@id\":\"https:\\\/\\\/mitto.agency\\\/ca\\\/politica-de-cookies\\\/#breadcrumb\"},\"inLanguage\":\"ca\",\"potentialAction\":[{\"@type\":\"ReadAction\",\"target\":[\"https:\\\/\\\/mitto.agency\\\/ca\\\/politica-de-cookies\\\/\"]}]},{\"@type\":\"BreadcrumbList\",\"@id\":\"https:\\\/\\\/mitto.agency\\\/ca\\\/politica-de-cookies\\\/#breadcrumb\",\"itemListElement\":[{\"@type\":\"ListItem\",\"position\":1,\"name\":\"Portada\",\"item\":\"https:\\\/\\\/mitto.agency\\\/ca\\\/\"},{\"@type\":\"ListItem\",\"position\":2,\"name\":\"Pol\u00edtica de Cookies\"}]},{\"@type\":\"WebSite\",\"@id\":\"https:\\\/\\\/mitto.agency\\\/ca\\\/#website\",\"url\":\"https:\\\/\\\/mitto.agency\\\/ca\\\/\",\"name\":\"Mitto - Dise\u00f1o Web - Dise\u00f1o Grafico - App UX\\\/UI - Branding\",\"description\":\"\",\"publisher\":{\"@id\":\"https:\\\/\\\/mitto.agency\\\/ca\\\/#organization\"},\"potentialAction\":[{\"@type\":\"SearchAction\",\"target\":{\"@type\":\"EntryPoint\",\"urlTemplate\":\"https:\\\/\\\/mitto.agency\\\/ca\\\/?s={search_term_string}\"},\"query-input\":{\"@type\":\"PropertyValueSpecification\",\"valueRequired\":true,\"valueName\":\"search_term_string\"}}],\"inLanguage\":\"ca\"},{\"@type\":\"Organization\",\"@id\":\"https:\\\/\\\/mitto.agency\\\/ca\\\/#organization\",\"name\":\"Mitto - Dise\u00f1o Web - Dise\u00f1o Grafico - App UX\\\/UI - Branding\",\"url\":\"https:\\\/\\\/mitto.agency\\\/ca\\\/\",\"logo\":{\"@type\":\"ImageObject\",\"inLanguage\":\"ca\",\"@id\":\"https:\\\/\\\/mitto.agency\\\/ca\\\/#\\\/schema\\\/logo\\\/image\\\/\",\"url\":\"https:\\\/\\\/mitto.agency\\\/wp-content\\\/uploads\\\/2024\\\/04\\\/cropped-v8-mitto-logo-03.png\",\"contentUrl\":\"https:\\\/\\\/mitto.agency\\\/wp-content\\\/uploads\\\/2024\\\/04\\\/cropped-v8-mitto-logo-03.png\",\"width\":2087,\"height\":651,\"caption\":\"Mitto - Dise\u00f1o Web - Dise\u00f1o Grafico - App UX\\\/UI - Branding\"},\"image\":{\"@id\":\"https:\\\/\\\/mitto.agency\\\/ca\\\/#\\\/schema\\\/logo\\\/image\\\/\"}}]}<\/script>\n<!-- \/ Yoast SEO plugin. -->","yoast_head_json":{"title":"Pol\u00edtica de Cookies - Mitto - Dise\u00f1o Web - Dise\u00f1o Grafico - App UX\/UI - Branding","robots":{"index":"index","follow":"follow","max-snippet":"max-snippet:-1","max-image-preview":"max-image-preview:large","max-video-preview":"max-video-preview:-1"},"canonical":"https:\/\/mitto.agency\/ca\/politica-de-cookies\/","og_locale":"ca_ES","og_type":"article","og_title":"Pol\u00edtica de Cookies - Mitto - Dise\u00f1o Web - Dise\u00f1o Grafico - App UX\/UI - Branding","og_description":"En compliment amb el deure informaci\u00f3 recollit a l&#8217;apartat 2n de l&#8217;article 22 de la Llei 34\/2002, d&#8217;11 de juliol, de Serveis de la Societat de la Informaci\u00f3 i del Comer\u00e7 Electr\u00f2nic, aquesta pol\u00edtica de cookies t\u00e9 per finalitat informar-lo de manera clara i precisa sobre les cookies que s&#8217;utilitzen a la p\u00e0gina web de [&hellip;]","og_url":"https:\/\/mitto.agency\/ca\/politica-de-cookies\/","og_site_name":"Mitto - Dise\u00f1o Web - Dise\u00f1o Grafico - App UX\/UI - Branding","article_modified_time":"2025-02-18T16:52:52+00:00","twitter_card":"summary_large_image","twitter_misc":{"Temps estimat de lectura":"4 minuts"},"schema":{"@context":"https:\/\/schema.org","@graph":[{"@type":"WebPage","@id":"https:\/\/mitto.agency\/ca\/politica-de-cookies\/","url":"https:\/\/mitto.agency\/ca\/politica-de-cookies\/","name":"Pol\u00edtica de Cookies - Mitto - Dise\u00f1o Web - Dise\u00f1o Grafico - App UX\/UI - Branding","isPartOf":{"@id":"https:\/\/mitto.agency\/ca\/#website"},"datePublished":"2024-05-06T11:34:00+00:00","dateModified":"2025-02-18T16:52:52+00:00","breadcrumb":{"@id":"https:\/\/mitto.agency\/ca\/politica-de-cookies\/#breadcrumb"},"inLanguage":"ca","potentialAction":[{"@type":"ReadAction","target":["https:\/\/mitto.agency\/ca\/politica-de-cookies\/"]}]},{"@type":"BreadcrumbList","@id":"https:\/\/mitto.agency\/ca\/politica-de-cookies\/#breadcrumb","itemListElement":[{"@type":"ListItem","position":1,"name":"Portada","item":"https:\/\/mitto.agency\/ca\/"},{"@type":"ListItem","position":2,"name":"Pol\u00edtica de Cookies"}]},{"@type":"WebSite","@id":"https:\/\/mitto.agency\/ca\/#website","url":"https:\/\/mitto.agency\/ca\/","name":"Mitto - Dise\u00f1o Web - Dise\u00f1o Grafico - App UX\/UI - Branding","description":"","publisher":{"@id":"https:\/\/mitto.agency\/ca\/#organization"},"potentialAction":[{"@type":"SearchAction","target":{"@type":"EntryPoint","urlTemplate":"https:\/\/mitto.agency\/ca\/?s={search_term_string}"},"query-input":{"@type":"PropertyValueSpecification","valueRequired":true,"valueName":"search_term_string"}}],"inLanguage":"ca"},{"@type":"Organization","@id":"https:\/\/mitto.agency\/ca\/#organization","name":"Mitto - Dise\u00f1o Web - Dise\u00f1o Grafico - App UX\/UI - Branding","url":"https:\/\/mitto.agency\/ca\/","logo":{"@type":"ImageObject","inLanguage":"ca","@id":"https:\/\/mitto.agency\/ca\/#\/schema\/logo\/image\/","url":"https:\/\/mitto.agency\/wp-content\/uploads\/2024\/04\/cropped-v8-mitto-logo-03.png","contentUrl":"https:\/\/mitto.agency\/wp-content\/uploads\/2024\/04\/cropped-v8-mitto-logo-03.png","width":2087,"height":651,"caption":"Mitto - Dise\u00f1o Web - Dise\u00f1o Grafico - App UX\/UI - Branding"},"image":{"@id":"https:\/\/mitto.agency\/ca\/#\/schema\/logo\/image\/"}}]}},"_links":{"self":[{"href":"https:\/\/mitto.agency\/ca\/wp-json\/wp\/v2\/pages\/5767","targetHints":{"allow":["GET"]}}],"collection":[{"href":"https:\/\/mitto.agency\/ca\/wp-json\/wp\/v2\/pages"}],"about":[{"href":"https:\/\/mitto.agency\/ca\/wp-json\/wp\/v2\/types\/page"}],"author":[{"embeddable":true,"href":"https:\/\/mitto.agency\/ca\/wp-json\/wp\/v2\/users\/1"}],"replies":[{"embeddable":true,"href":"https:\/\/mitto.agency\/ca\/wp-json\/wp\/v2\/comments?post=5767"}],"version-history":[{"count":1,"href":"https:\/\/mitto.agency\/ca\/wp-json\/wp\/v2\/pages\/5767\/revisions"}],"predecessor-version":[{"id":5769,"href":"https:\/\/mitto.agency\/ca\/wp-json\/wp\/v2\/pages\/5767\/revisions\/5769"}],"wp:attachment":[{"href":"https:\/\/mitto.agency\/ca\/wp-json\/wp\/v2\/media?parent=5767"}],"curies":[{"name":"wp","href":"https:\/\/api.w.org\/{rel}","templated":true}]}}