{"id":5782,"date":"2023-11-29T17:42:51","date_gmt":"2023-11-29T16:42:51","guid":{"rendered":"https:\/\/mitto.agency\/politica-de-privadesa\/"},"modified":"2025-02-18T17:53:00","modified_gmt":"2025-02-18T16:53:00","slug":"politica-de-privadesa","status":"publish","type":"page","link":"https:\/\/mitto.agency\/ca\/politica-de-privadesa\/","title":{"rendered":"Pol\u00edtica de privadesa"},"content":{"rendered":"\n<p>A JAN CANAL\u00cdS GRACIANO treballem per oferir-te a trav\u00e9s dels nostres productes i serveis la millor experi\u00e8ncia possible. En alguns casos, cal demanar informaci\u00f3 per aconseguir-ho. Ens importa la teva privadesa i creiem que hem de ser transparents al respecte.  <\/p>\n\n<p>Per aix\u00f2, ia efectes del que preveu el REGLAMENT (UE) 2016\/679 DEL PARLAMENT EUROPEU I DEL CONSELL de 27 d&#8217;abril de 2016 (d&#8217;ara endavant, \u201cRGPD\u201d) relatiu a la protecci\u00f3 de les persones f\u00edsiques pel que fa al tractament de dades personals ia la lliure circulaci\u00f3 d&#8217;aquestes dades, i la 10 (d&#8217;ara endavant, \u201cLSSI\u201d), JAN CANAL\u00cdS GRACIANO informa a l&#8217;usuari que, com a responsable del tractament, incorporar\u00e0 les dades de car\u00e0cter personal facilitades pels usuaris en un fitxer automatitzat.<\/p>\n\n<p>El nostre comprom\u00eds comen\u00e7a per explicar-te el seg\u00fcent:<\/p>\n\n<p>\u2013 Es recullen les vostres dades perqu\u00e8 l&#8217;experi\u00e8ncia d&#8217;usuari millori, atenent els vostres interessos i necessitats.<br\/>\u2013 Som transparents en relaci\u00f3 amb les dades que obtenim sobre tu i la ra\u00f3 per la qual ho fem.<br\/>\u2013 La nostra intenci\u00f3 \u00e9s oferir-te la millor experi\u00e8ncia possible. Per aix\u00f2, quan fem servir la teva informaci\u00f3 personal ho farem sempre complint la normativa, i quan sigui necessari, sol\u00b7licitarem el teu consentiment. <br\/>\u2013 Entenem que les teves dades et pertanyen. Per tant, si decideixes no autoritzar-nos a processar-los, pots sol\u00b7licitar-nos que deixem de tractar-los. <br\/>\u2013 La nostra prioritat consisteix a garantir la vostra seguretat i tractar les vostres dades d&#8217;acord amb la normativa europea.<\/p>\n\n<p>Si vols obtenir m\u00e9s informaci\u00f3 sobre el tractament de les teves dades, consulta els diferents apartats de la pol\u00edtica de privadesa que es troben a continuaci\u00f3:<\/p>\n\n<h2 class=\"wp-block-heading\">Qui \u00e9s el responsable del tractament de les vostres dades personals?<\/h2>\n\n<p>Identitat: JAN CANAL\u00cdS GR\u00c0CI\u00c0<br\/> Domicili social: Av. Angel Sallent 165<br\/> CIF n\u00fam.: 45988960T<br\/> Email: hola@mitto.agency <\/p>\n\n<p>JAN CANAL\u00cdS GRACIANO ha designat un delegat de protecci\u00f3 de dades o una persona de contacte interna dins de la seva organitzaci\u00f3. Si vols fer una consulta en relaci\u00f3 al tractament de les teves dades personals, pots posar-te en contacte amb ell mitjan\u00e7ant el correu <a href=\"mailto:hola@mitto.agency\"><strong>hola@mitto.agency<\/strong><\/a> . <\/p>\n\n<h2 class=\"wp-block-heading\">Quines dades personals recopilem?<\/h2>\n\n<p>Les dades personals que l&#8217;usuari pot proporcionar:<\/p>\n\n<p>\u2013 Nom, adre\u00e7a i data de naixement.<\/p>\n\n<p>\u2013 N\u00famero de tel\u00e8fon i adre\u00e7a de correu electr\u00f2nic.<br\/>\u2013 Ubicaci\u00f3.<br\/>\u2013 Informaci\u00f3 relativa a pagaments i devolucions.<br\/>\u2013 Adre\u00e7a IP, data i hora en qu\u00e8 heu accedit als nostres serveis, navegador d&#8217;internet que utilitzeu i dades sobre el sistema operatiu del dispositiu.<\/p>\n\n<p>\u2013 Qualsevol altra informaci\u00f3 o dades que decideixis compartir amb nosaltres.<\/p>\n\n<p><br\/>En alguns casos, \u00e9s obligat\u00f2ria l&#8217;emplenament del formulari de registre per accedir i gaudir de determinats serveis oferts a la web; aix\u00ed mateix, no facilitar les dades personals sol\u00b7licitades o no acceptar aquesta pol\u00edtica de protecci\u00f3 de dades suposa la impossibilitat de subscriure&#8217;s, registrar-se o participar en qualsevol de les promocions en qu\u00e8 se sol\u00b7licitin dades car\u00e0cter personal.<\/p>\n\n<h2 class=\"wp-block-heading\">Per qu\u00e8 i per qu\u00e8 tractem les teves dades?<\/h2>\n\n<p>A JAN CANAL\u00cdS GRACIANO tractem la informaci\u00f3 que ens faciliten les persones interessades amb les finalitats seg\u00fcents:<\/p>\n\n<p>\u2013 Gestionar comandes o contractar algun dels nostres serveis, ja sigui en l\u00ednia oa les botigues f\u00edsiques.<\/p>\n\n<p>\u2013 Gestionar l&#8217;enviament de la informaci\u00f3 que ens sol\u00b7licitin.<br\/>&#8211; Desenvolupar accions comercials i realitzar el manteniment i la gesti\u00f3 de la relaci\u00f3 amb l&#8217;usuari, aix\u00ed com la gesti\u00f3 dels serveis ofert a trav\u00e9s del lloc web i les tasques d&#8217;informaci\u00f3, podent realitzar valoracions autom\u00e0tiques, obtenci\u00f3 de perfils i tasques de segmentaci\u00f3 dels clients per tal de personalitzar el tracte d&#8217;acord amb les seves caracter\u00edstiques i necessitats i millorar l&#8217;experi\u00e8ncia en l\u00ednia del client.<br\/>\u2013 Desenvolupar i gestionar els concursos, sorteigs o altres activitats promocionals que es puguin organitzar.<br\/>&#8211; En alguns casos caldr\u00e0 facilitar informaci\u00f3 a les autoritats o terceres empreses per motius d&#8217;auditoria, aix\u00ed com manejar dades personals de factures, contractes i documents per respondre a reclamacions de clients o de les administracions p\u00fabliques<\/p>\n\n<p>Informem que les dades personals que s&#8217;obtinguin com a conseq\u00fc\u00e8ncia del vostre registre com a usuari formaran part del Registre d&#8217;Activitats i operacions de Tractament (RAT), que s&#8217;actualitzar\u00e0 peri\u00f2dicament d&#8217;acord amb all\u00f2 establert al RGPD.<\/p>\n\n<h2 class=\"wp-block-heading\">Quina \u00e9s la legitimaci\u00f3 per al tractament de les teves dades?<\/h2>\n\n<p>El tractament de les teves dades es pot fonamentar en les bases legals seg\u00fcents:<\/p>\n\n<p>&#8211; Consentiment de l&#8217;interessat per a la contractaci\u00f3 de serveis i productes, per als formularis de contacte, les sol\u00b7licituds d&#8217;informaci\u00f3 o alta a e-newsletters.<br\/>\u2013 Inter\u00e8s leg\u00edtim per al tractament de dades dels nostres clients en accions de m\u00e0rqueting directe i consentiment expr\u00e9s de l&#8217;interessat per a tot all\u00f2 relatiu a les valoracions autom\u00e0tiques i elaboraci\u00f3 de perfils.<br\/>\u2013 Compliment d&#8217;obligacions legals per a prevenci\u00f3 del frau, comunicaci\u00f3 amb autoritats p\u00fabliques i reclamacions de tercers.<\/p>\n\n<h2 class=\"wp-block-heading\">Quant de temps conservem les teves dades?<\/h2>\n\n<p>El tractament de les dades amb les finalitats descrites es mantindr\u00e0 durant el temps necessari per complir amb la finalitat de la recollida (per exemple, mentre duri la relaci\u00f3 comercial), aix\u00ed com per al compliment de les obligacions legals que es derivin del tractament de les dades.<\/p>\n\n<h2 class=\"wp-block-heading\">A quins destinataris es comuniquen les teves dades?<\/h2>\n\n<p>En alguns casos, nom\u00e9s quan sigui necessari, JAN CANAL\u00cdS GRACIANO proporcionar\u00e0 dades dels usuaris a tercers. No obstant aix\u00f2, mai no es vendran les dades a tercers. Els prove\u00efdors de serveis externs (per exemple, prove\u00efdors de pagament o empreses de repartiment) amb els quals JAN CANAL\u00cdS GRACIANO treballi poden utilitzar les dades per proporcionar els serveis corresponents, no obstant aix\u00f2 no utilitzaran aquesta informaci\u00f3 per a fins propis o per a cessi\u00f3 a tercers.  <\/p>\n\n<p>JAN CANAL\u00cdS GRACIANO procura garantir la seguretat de les dades personals quan s&#8217;envien fora de l&#8217;empresa i s&#8217;assegura que els tercers prove\u00efdors de servei respecten la confidencialitat i tenen les mesures adequades per protegir les dades personals. Aquests tercers tenen l&#8217;obligaci\u00f3 de garantir que la informaci\u00f3 es tracta d&#8217;acord amb la normativa de privadesa de dades. <\/p>\n\n<p>En alguns casos, la llei pot exigir que es revelin dades personals a organismes p\u00fablics o altres parts, nom\u00e9s es revelar\u00e0 all\u00f2 estrictament necessari per al compliment d&#8217;aquestes obligacions legals. Les dades personals obtingudes tamb\u00e9 podran ser compartides amb altres empreses del grup. <\/p>\n\n<h2 class=\"wp-block-heading\">On s&#8217;emmagatzemen les dades?<\/h2>\n\n<p>Amb car\u00e0cter general, les dades s&#8217;emmagatzemen dins de la UE. Les dades que s&#8217;envi\u00efn a tercers que no pertanyin a la UE, ens assegurarem que ofereixin un nivell de protecci\u00f3 suficient, ja sigui perqu\u00e8 compten amb Normes Corporatives Vinculants (BCR) o perqu\u00e8 s&#8217;hagin adherit al Privacy Shield. <\/p>\n\n<h2 class=\"wp-block-heading\">Quins drets t&#8217;hi assisteixen i com els pots exercir?<\/h2>\n\n<p>Pots dirigir les teves comunicacions i exercitar els teus drets mitjan\u00e7ant una petici\u00f3 al correu electr\u00f2nic seg\u00fcent: <a href=\"mailto:hola@mitto.agency\"><strong>hola@mitto.agency<\/strong><\/a> .<\/p>\n\n<p>En virtut del que estableix el RGPD pots sol\u00b7licitar:<\/p>\n\n<p>\u2013 Dret d&#8217;acc\u00e9s: podeu demanar informaci\u00f3 d&#8217;aquelles dades personals que disposem sobre tu.<br\/>\u2013 Dret de rectificaci\u00f3: pots comunicar qualsevol canvi a les teves dades personals.<br\/>\u2013 Dret de supressi\u00f3 ia l&#8217;oblit: pots sol\u00b7licitar l&#8217;eliminaci\u00f3 amb el bloqueig previ de les dades personals.<br\/>\u2013 Dret de limitaci\u00f3 al tractament: suposa la restricci\u00f3 del tractament de les dades personals.<br\/>\u2013 Dret d&#8217;oposici\u00f3: podeu retirar el consentiment del tractament de les dades, oposant-vos que es continu\u00efn tractant.<br\/>\u2013 Dret a la portabilitat: en alguns casos, pots demanar una c\u00f2pia de les dades personals en un format estructurat, d&#8217;\u00fas com\u00fa i lectura mec\u00e0nica per transmetre-les a un altre responsable.<br\/>\u2013 Dret a no ser objecte de decisions individualitzades: pots sol\u00b7licitar que no es prenguin decisions que es basen \u00fanicament en el tractament automatitzat, incloent-hi l&#8217;elaboraci\u00f3 de perfils, que produeixi efectes jur\u00eddics o afecti significativament l&#8217;interessat.<\/p>\n\n<p>En alguns casos, es podr\u00e0 rebutjar la sol\u00b7licitud si sol\u00b7licites que s&#8217;eliminin dades necess\u00e0ries per al<br\/> compliment d&#8217;obligacions legals.<\/p>\n\n<p>Aix\u00ed mateix, si tens alguna queixa sobre el tractament de les dades pots presentar una reclamaci\u00f3 a la<br\/> autoritat de protecci\u00f3 de dades.<\/p>\n\n<h2 class=\"wp-block-heading\">Qui \u00e9s el responsable de l&#8217;exactitud i veracitat de les dades facilitades?<\/h2>\n\n<p>L&#8217;usuari \u00e9s l&#8217;\u00fanic responsable de la veracitat i correcci\u00f3 de les dades incloses, exonerant JAN CANAL\u00cdS GRACIANO de qualsevol responsabilitat al respecte. Els usuaris garanteixen i responen, en qualsevol cas, de l&#8217;exactitud, vig\u00e8ncia i autenticitat de les dades personals facilitades, i es <\/p>\n\n<p>comprometen a mantenir-los degudament actualitzats. L&#8217;usuari accepta proporcionar informaci\u00f3 completa i correcta al formulari de registre o subscripci\u00f3. JAN CANAL\u00cdS GRACIANO es reserva el dret de finalitzar els serveis contractats que s&#8217;haguera fet amb els usuaris, en cas que els<br\/> dades que hagi facilitat siguin falses, incompletes, inexactes o no estiguin actualitzades.  <\/p>\n\n<p>JAN CANAL\u00cdS GRACIANO no respon de la veracitat de les informacions que no siguin d&#8217;elaboraci\u00f3 pr\u00f2pia i de les quals s&#8217;indiqui una altra font, per la qual cosa tampoc no assumeix cap responsabilitat quant a hipot\u00e8tics perjudicis que es puguin originar per l&#8217;\u00fas d&#8217;aquesta informaci\u00f3.<\/p>\n\n<p>JAN CANAL\u00cdS GRACIANO es reserva el dret a actualitzar, modificar o eliminar la informaci\u00f3 continguda a les seves p\u00e0gines web i fins i tot pot limitar o no permetre l&#8217;acc\u00e9s a aquesta informaci\u00f3. S&#8217;exonera JAN CANAL\u00cdS GR\u00c0CI\u00c0 de responsabilitat davant qualsevol dany o perjudici que pogu\u00e9s<br\/> patir l&#8217;usuari com a conseq\u00fc\u00e8ncia d&#8217;errors, defectes o omissions, en la informaci\u00f3 facilitada per JAN CANAL\u00cdS GRACIANO sempre que procedeixi de fonts alienes a aquesta. <\/p>\n\n<p>Aix\u00ed mateix, l&#8217;usuari certifica que \u00e9s major de 14 anys i que t\u00e9 la capacitat legal necess\u00e0ria per a la prestaci\u00f3 del consentiment pel que fa al tractament de les dades de car\u00e0cter personal.<\/p>\n\n<h2 class=\"wp-block-heading\">Com tractem les dades personals dels menors?<\/h2>\n\n<p>En principi, els nostres serveis no van dirigits espec\u00edficament a menys d&#8217;edat. No obstant aix\u00f2, en cas que algun s&#8217;adreci a menors de catorze anys, de conformitat amb l&#8217;article 8 del RGPD i l&#8217;article 7 de la LO3\/2018, de 5 de desembre (LOPDGDD), JAN CANAL\u00cdS GRACIANO exigir\u00e0 el<br\/> consentiment v\u00e0lid, lliure, inequ\u00edvoc, espec\u00edfic i informat dels seus tutors legals per tractar les dades personals dels menors. En aquest cas, s&#8217;exigir\u00e0 el DNI o una altra forma d&#8217;identificaci\u00f3 de qui presti el consentiment.    <\/p>\n\n<p>En el cas de majors de catorze anys, es pot procedir al tractament de les dades amb el consentiment de l&#8217;usuari, exceptuant aquells casos en qu\u00e8 la Llei exigeixi l&#8217;assist\u00e8ncia dels titulars de la p\u00e0tria potestat o tutela.<\/p>\n\n<h2 class=\"wp-block-heading\">Quines mesures de seguretat apliquem per protegir les dades personals?<\/h2>\n\n<p>JAN CANAL\u00cdS GRACIANO ha adoptat els nivells de seguretat de protecci\u00f3 de les Dades Personals legalment requerides, i procura instal\u00b7lar aquells altres mitjans i mesures t\u00e8cniques addicionals al seu abast per evitar la p\u00e8rdua, mal \u00fas, alteraci\u00f3, acc\u00e9s no autoritzat i robatori de les Dades Personals facilitades a JAN CANAL\u00cdS GRACIANO.<\/p>\n\n<p>JAN CANAL\u00cdS GRACIANO no \u00e9s responsable d&#8217;hipot\u00e8tics danys o perjudicis que es puguin derivar d&#8217;interfer\u00e8ncies, omissions, interrupcions, virus inform\u00e0tics, avaries telef\u00f2niques o desconnexions en el funcionament operatiu d&#8217;aquest sistema electr\u00f2nic, motivades per causes alienes a JAN CANAL\u00cdS GRACIANO; de retards o bloquejos en l&#8217;\u00fas del present sistema electr\u00f2nic causats per defici\u00e8ncies o sobrec\u00e0rregues de l\u00ednies telef\u00f2niques o sobrec\u00e0rregues al Centre de Processos de Dades, al sistema d&#8217;Internet o en altres sistemes electr\u00f2nics, aix\u00ed com de danys que puguin ser causats per<br\/> terceres persones mitjan\u00e7ant intromissions il\u00b7leg\u00edtimes fora del control de JAN CANAL\u00cdS GR\u00c0CI\u00c0.  <\/p>\n\n<p>Aix\u00f2 no obstant, l&#8217;usuari ha de ser conscient que les mesures de seguretat a Internet no s\u00f3n<br\/> inexpugnables.<\/p>\n\n<h2 class=\"wp-block-heading\">Enlla\u00e7os a altres llocs web<\/h2>\n\n<p>Al lloc web https:\/\/mitto.agency\/ hi pot haver enlla\u00e7os a altres p\u00e0gines web. En clicar en un d&#8217;aquests enlla\u00e7os i accedir a un lloc web extern, la visita estar\u00e0 subjecta a la pol\u00edtica de privadesa d&#8217;aquest lloc web, quedant JAN CANAL\u00cdS GRACIANO desvinculada de qualsevol tipus de responsabilitat sobre<br\/> la seva pol\u00edtica de privadesa. <\/p>\n\n<h2 class=\"wp-block-heading\">Com utilitzem les galetes?<\/h2>\n\n<p>El lloc web i les RRSS de JAN CANAL\u00cdS GRACIANO utilitzen cookies, a l&#8217;efecte d&#8217;optimitzar i personalitzar la seva navegaci\u00f3. Les cookies s\u00f3n fitxers f\u00edsics d&#8217;informaci\u00f3 que s&#8217;allotgen al mateix terminal de l&#8217;usuari, la informaci\u00f3 recollida mitjan\u00e7ant les cookies serveix per facilitar la navegaci\u00f3<br\/> de lusuari pel portal i optimitzar lexperi\u00e8ncia de navegaci\u00f3. Les dades recopilades mitjan\u00e7ant les cookies poden ser compartides amb els creadors de les mateixes, per\u00f2 en cap cas la informaci\u00f3 obtinguda per aquestes no ser\u00e0 associada a dades personals ni a dades que puguin identificar l&#8217;usuari.  <\/p>\n\n<p>No obstant aix\u00f2, si l&#8217;usuari no desitja que s&#8217;instal\u00b7lin cookies al vostre disc dur, teniu la possibilitat de configurar el navegador de manera que impedeixi la instal\u00b7laci\u00f3 d&#8217;aquests fitxers. Per obtenir m\u00e9s informaci\u00f3 consulteu la nostra Pol\u00edtica de Cookies. <\/p>\n\n<h2 class=\"wp-block-heading\">Es pot modificar la pol\u00edtica de privadesa?<\/h2>\n\n<p>Aquesta pol\u00edtica de privadesa es pot modificar. Et recomanem que revisis la pol\u00edtica de privadesa amb certa periodicitat. <\/p>\n","protected":false},"excerpt":{"rendered":"<p>A JAN CANAL\u00cdS GRACIANO treballem per oferir-te a trav\u00e9s dels nostres productes i serveis la millor experi\u00e8ncia possible. En alguns casos, cal demanar informaci\u00f3 per aconseguir-ho. Ens importa la teva privadesa i creiem que hem de ser transparents al respecte. Per aix\u00f2, ia efectes del que preveu el REGLAMENT (UE) 2016\/679 DEL PARLAMENT EUROPEU I [&hellip;]<\/p>\n","protected":false},"author":1,"featured_media":0,"parent":0,"menu_order":0,"comment_status":"closed","ping_status":"open","template":"","meta":{"footnotes":""},"class_list":["post-5782","page","type-page","status-publish","hentry"],"yoast_head":"<!-- This site is optimized with the Yoast SEO plugin v27.5 - https:\/\/yoast.com\/product\/yoast-seo-wordpress\/ -->\n<title>Pol\u00edtica de privadesa - Mitto - Dise\u00f1o Web - Dise\u00f1o Grafico - App UX\/UI - Branding<\/title>\n<meta name=\"robots\" content=\"index, follow, max-snippet:-1, max-image-preview:large, max-video-preview:-1\" \/>\n<link rel=\"canonical\" href=\"https:\/\/mitto.agency\/ca\/politica-de-privadesa\/\" \/>\n<meta property=\"og:locale\" content=\"ca_ES\" \/>\n<meta property=\"og:type\" content=\"article\" \/>\n<meta property=\"og:title\" content=\"Pol\u00edtica de privadesa - Mitto - Dise\u00f1o Web - Dise\u00f1o Grafico - App UX\/UI - Branding\" \/>\n<meta property=\"og:description\" content=\"A JAN CANAL\u00cdS GRACIANO treballem per oferir-te a trav\u00e9s dels nostres productes i serveis la millor experi\u00e8ncia possible. En alguns casos, cal demanar informaci\u00f3 per aconseguir-ho. Ens importa la teva privadesa i creiem que hem de ser transparents al respecte. Per aix\u00f2, ia efectes del que preveu el REGLAMENT (UE) 2016\/679 DEL PARLAMENT EUROPEU I [&hellip;]\" \/>\n<meta property=\"og:url\" content=\"https:\/\/mitto.agency\/ca\/politica-de-privadesa\/\" \/>\n<meta property=\"og:site_name\" content=\"Mitto - Dise\u00f1o Web - Dise\u00f1o Grafico - App UX\/UI - Branding\" \/>\n<meta property=\"article:modified_time\" content=\"2025-02-18T16:53:00+00:00\" \/>\n<meta name=\"twitter:card\" content=\"summary_large_image\" \/>\n<meta name=\"twitter:label1\" content=\"Temps estimat de lectura\" \/>\n\t<meta name=\"twitter:data1\" content=\"11 minuts\" \/>\n<script type=\"application\/ld+json\" class=\"yoast-schema-graph\">{\"@context\":\"https:\\\/\\\/schema.org\",\"@graph\":[{\"@type\":\"WebPage\",\"@id\":\"https:\\\/\\\/mitto.agency\\\/ca\\\/politica-de-privadesa\\\/\",\"url\":\"https:\\\/\\\/mitto.agency\\\/ca\\\/politica-de-privadesa\\\/\",\"name\":\"Pol\u00edtica de privadesa - Mitto - Dise\u00f1o Web - Dise\u00f1o Grafico - App UX\\\/UI - Branding\",\"isPartOf\":{\"@id\":\"https:\\\/\\\/mitto.agency\\\/ca\\\/#website\"},\"datePublished\":\"2023-11-29T16:42:51+00:00\",\"dateModified\":\"2025-02-18T16:53:00+00:00\",\"breadcrumb\":{\"@id\":\"https:\\\/\\\/mitto.agency\\\/ca\\\/politica-de-privadesa\\\/#breadcrumb\"},\"inLanguage\":\"ca\",\"potentialAction\":[{\"@type\":\"ReadAction\",\"target\":[\"https:\\\/\\\/mitto.agency\\\/ca\\\/politica-de-privadesa\\\/\"]}]},{\"@type\":\"BreadcrumbList\",\"@id\":\"https:\\\/\\\/mitto.agency\\\/ca\\\/politica-de-privadesa\\\/#breadcrumb\",\"itemListElement\":[{\"@type\":\"ListItem\",\"position\":1,\"name\":\"Portada\",\"item\":\"https:\\\/\\\/mitto.agency\\\/ca\\\/\"},{\"@type\":\"ListItem\",\"position\":2,\"name\":\"Pol\u00edtica de privadesa\"}]},{\"@type\":\"WebSite\",\"@id\":\"https:\\\/\\\/mitto.agency\\\/ca\\\/#website\",\"url\":\"https:\\\/\\\/mitto.agency\\\/ca\\\/\",\"name\":\"Mitto - Dise\u00f1o Web - Dise\u00f1o Grafico - App UX\\\/UI - Branding\",\"description\":\"\",\"publisher\":{\"@id\":\"https:\\\/\\\/mitto.agency\\\/ca\\\/#organization\"},\"potentialAction\":[{\"@type\":\"SearchAction\",\"target\":{\"@type\":\"EntryPoint\",\"urlTemplate\":\"https:\\\/\\\/mitto.agency\\\/ca\\\/?s={search_term_string}\"},\"query-input\":{\"@type\":\"PropertyValueSpecification\",\"valueRequired\":true,\"valueName\":\"search_term_string\"}}],\"inLanguage\":\"ca\"},{\"@type\":\"Organization\",\"@id\":\"https:\\\/\\\/mitto.agency\\\/ca\\\/#organization\",\"name\":\"Mitto - Dise\u00f1o Web - Dise\u00f1o Grafico - App UX\\\/UI - Branding\",\"url\":\"https:\\\/\\\/mitto.agency\\\/ca\\\/\",\"logo\":{\"@type\":\"ImageObject\",\"inLanguage\":\"ca\",\"@id\":\"https:\\\/\\\/mitto.agency\\\/ca\\\/#\\\/schema\\\/logo\\\/image\\\/\",\"url\":\"https:\\\/\\\/mitto.agency\\\/wp-content\\\/uploads\\\/2024\\\/04\\\/cropped-v8-mitto-logo-03.png\",\"contentUrl\":\"https:\\\/\\\/mitto.agency\\\/wp-content\\\/uploads\\\/2024\\\/04\\\/cropped-v8-mitto-logo-03.png\",\"width\":2087,\"height\":651,\"caption\":\"Mitto - Dise\u00f1o Web - Dise\u00f1o Grafico - App UX\\\/UI - Branding\"},\"image\":{\"@id\":\"https:\\\/\\\/mitto.agency\\\/ca\\\/#\\\/schema\\\/logo\\\/image\\\/\"}}]}<\/script>\n<!-- \/ Yoast SEO plugin. -->","yoast_head_json":{"title":"Pol\u00edtica de privadesa - Mitto - Dise\u00f1o Web - Dise\u00f1o Grafico - App UX\/UI - Branding","robots":{"index":"index","follow":"follow","max-snippet":"max-snippet:-1","max-image-preview":"max-image-preview:large","max-video-preview":"max-video-preview:-1"},"canonical":"https:\/\/mitto.agency\/ca\/politica-de-privadesa\/","og_locale":"ca_ES","og_type":"article","og_title":"Pol\u00edtica de privadesa - Mitto - Dise\u00f1o Web - Dise\u00f1o Grafico - App UX\/UI - Branding","og_description":"A JAN CANAL\u00cdS GRACIANO treballem per oferir-te a trav\u00e9s dels nostres productes i serveis la millor experi\u00e8ncia possible. En alguns casos, cal demanar informaci\u00f3 per aconseguir-ho. Ens importa la teva privadesa i creiem que hem de ser transparents al respecte. Per aix\u00f2, ia efectes del que preveu el REGLAMENT (UE) 2016\/679 DEL PARLAMENT EUROPEU I [&hellip;]","og_url":"https:\/\/mitto.agency\/ca\/politica-de-privadesa\/","og_site_name":"Mitto - Dise\u00f1o Web - Dise\u00f1o Grafico - App UX\/UI - Branding","article_modified_time":"2025-02-18T16:53:00+00:00","twitter_card":"summary_large_image","twitter_misc":{"Temps estimat de lectura":"11 minuts"},"schema":{"@context":"https:\/\/schema.org","@graph":[{"@type":"WebPage","@id":"https:\/\/mitto.agency\/ca\/politica-de-privadesa\/","url":"https:\/\/mitto.agency\/ca\/politica-de-privadesa\/","name":"Pol\u00edtica de privadesa - Mitto - Dise\u00f1o Web - Dise\u00f1o Grafico - App UX\/UI - Branding","isPartOf":{"@id":"https:\/\/mitto.agency\/ca\/#website"},"datePublished":"2023-11-29T16:42:51+00:00","dateModified":"2025-02-18T16:53:00+00:00","breadcrumb":{"@id":"https:\/\/mitto.agency\/ca\/politica-de-privadesa\/#breadcrumb"},"inLanguage":"ca","potentialAction":[{"@type":"ReadAction","target":["https:\/\/mitto.agency\/ca\/politica-de-privadesa\/"]}]},{"@type":"BreadcrumbList","@id":"https:\/\/mitto.agency\/ca\/politica-de-privadesa\/#breadcrumb","itemListElement":[{"@type":"ListItem","position":1,"name":"Portada","item":"https:\/\/mitto.agency\/ca\/"},{"@type":"ListItem","position":2,"name":"Pol\u00edtica de privadesa"}]},{"@type":"WebSite","@id":"https:\/\/mitto.agency\/ca\/#website","url":"https:\/\/mitto.agency\/ca\/","name":"Mitto - Dise\u00f1o Web - Dise\u00f1o Grafico - App UX\/UI - Branding","description":"","publisher":{"@id":"https:\/\/mitto.agency\/ca\/#organization"},"potentialAction":[{"@type":"SearchAction","target":{"@type":"EntryPoint","urlTemplate":"https:\/\/mitto.agency\/ca\/?s={search_term_string}"},"query-input":{"@type":"PropertyValueSpecification","valueRequired":true,"valueName":"search_term_string"}}],"inLanguage":"ca"},{"@type":"Organization","@id":"https:\/\/mitto.agency\/ca\/#organization","name":"Mitto - Dise\u00f1o Web - Dise\u00f1o Grafico - App UX\/UI - Branding","url":"https:\/\/mitto.agency\/ca\/","logo":{"@type":"ImageObject","inLanguage":"ca","@id":"https:\/\/mitto.agency\/ca\/#\/schema\/logo\/image\/","url":"https:\/\/mitto.agency\/wp-content\/uploads\/2024\/04\/cropped-v8-mitto-logo-03.png","contentUrl":"https:\/\/mitto.agency\/wp-content\/uploads\/2024\/04\/cropped-v8-mitto-logo-03.png","width":2087,"height":651,"caption":"Mitto - Dise\u00f1o Web - Dise\u00f1o Grafico - App UX\/UI - Branding"},"image":{"@id":"https:\/\/mitto.agency\/ca\/#\/schema\/logo\/image\/"}}]}},"_links":{"self":[{"href":"https:\/\/mitto.agency\/ca\/wp-json\/wp\/v2\/pages\/5782","targetHints":{"allow":["GET"]}}],"collection":[{"href":"https:\/\/mitto.agency\/ca\/wp-json\/wp\/v2\/pages"}],"about":[{"href":"https:\/\/mitto.agency\/ca\/wp-json\/wp\/v2\/types\/page"}],"author":[{"embeddable":true,"href":"https:\/\/mitto.agency\/ca\/wp-json\/wp\/v2\/users\/1"}],"replies":[{"embeddable":true,"href":"https:\/\/mitto.agency\/ca\/wp-json\/wp\/v2\/comments?post=5782"}],"version-history":[{"count":1,"href":"https:\/\/mitto.agency\/ca\/wp-json\/wp\/v2\/pages\/5782\/revisions"}],"predecessor-version":[{"id":5783,"href":"https:\/\/mitto.agency\/ca\/wp-json\/wp\/v2\/pages\/5782\/revisions\/5783"}],"wp:attachment":[{"href":"https:\/\/mitto.agency\/ca\/wp-json\/wp\/v2\/media?parent=5782"}],"curies":[{"name":"wp","href":"https:\/\/api.w.org\/{rel}","templated":true}]}}